{"id":3437,"date":"2026-03-11T00:00:23","date_gmt":"2026-03-11T00:00:23","guid":{"rendered":"https:\/\/estebanv64.sg-host.com\/?page_id=3437"},"modified":"2026-05-08T13:57:23","modified_gmt":"2026-05-08T13:57:23","slug":"contacto","status":"publish","type":"page","link":"https:\/\/tarelec.cl\/en\/contacto\/","title":{"rendered":"Contacto"},"content":{"rendered":"\t\t<div data-elementor-type=\"wp-post\" data-elementor-id=\"3437\" class=\"elementor elementor-3437\" data-elementor-post-type=\"page\">\n\t\t\t\t\t\t<section class=\"elementor-section elementor-top-section elementor-element elementor-element-ec9603c elementor-section-content-bottom elementor-section-height-min-height elementor-section-items-bottom elementor-section-boxed elementor-section-height-default\" data-id=\"ec9603c\" data-element_type=\"section\" data-e-type=\"section\" data-settings=\"{&quot;background_background&quot;:&quot;classic&quot;}\">\n\t\t\t\t\t\t<div class=\"elementor-container elementor-column-gap-no\">\n\t\t\t\t\t<div class=\"elementor-column elementor-col-100 elementor-top-column elementor-element elementor-element-5ab0c25\" data-id=\"5ab0c25\" data-element_type=\"column\" data-e-type=\"column\">\n\t\t\t<div class=\"elementor-widget-wrap elementor-element-populated\">\n\t\t\t\t\t\t<div class=\"elementor-element elementor-element-68cc4bf elementor-widget elementor-widget-heading\" data-id=\"68cc4bf\" data-element_type=\"widget\" data-e-type=\"widget\" data-widget_type=\"heading.default\">\n\t\t\t\t<div class=\"elementor-widget-container\">\n\t\t\t\t\t<h4 class=\"elementor-heading-title elementor-size-default\">Contacto<\/h4>\t\t\t\t<\/div>\n\t\t\t\t<\/div>\n\t\t\t\t<div class=\"elementor-element elementor-element-8030c99 elementor-widget elementor-widget-heading\" data-id=\"8030c99\" data-element_type=\"widget\" data-e-type=\"widget\" data-widget_type=\"heading.default\">\n\t\t\t\t<div class=\"elementor-widget-container\">\n\t\t\t\t\t<h2 class=\"elementor-heading-title elementor-size-default\"><b>Impulsemos tu<\/b><br><b>\nestrategia energ\u00e9tica<\/b><\/h2>\t\t\t\t<\/div>\n\t\t\t\t<\/div>\n\t\t\t\t\t<\/div>\n\t\t<\/div>\n\t\t\t\t\t<\/div>\n\t\t<\/section>\n\t\t<div class=\"elementor-element elementor-element-b2c9970 e-flex e-con-boxed e-con e-parent\" data-id=\"b2c9970\" data-element_type=\"container\" data-e-type=\"container\">\n\t\t\t\t\t<div class=\"e-con-inner\">\n\t\t<div class=\"elementor-element elementor-element-7c719f6 e-con-full e-flex e-con e-child\" data-id=\"7c719f6\" data-element_type=\"container\" data-e-type=\"container\">\n\t\t\t\t<div class=\"elementor-element elementor-element-889ce2a elementor-widget elementor-widget-text-editor\" data-id=\"889ce2a\" data-element_type=\"widget\" data-e-type=\"widget\" data-widget_type=\"text-editor.default\">\n\t\t\t\t<div class=\"elementor-widget-container\">\n\t\t\t\t\t\t\t\t\tEnv\u00edanos tu consulta\t\t\t\t\t\t\t\t<\/div>\n\t\t\t\t<\/div>\n\t\t\t\t<div class=\"elementor-element elementor-element-429bd7a elementor-widget elementor-widget-wpforms\" data-id=\"429bd7a\" data-element_type=\"widget\" data-e-type=\"widget\" data-widget_type=\"wpforms.default\">\n\t\t\t\t<div class=\"elementor-widget-container\">\n\t\t\t\t\t<div class=\"wpforms-container wpforms-container-full wpforms-render-modern\" id=\"wpforms-3243\"><form id=\"wpforms-form-3243\" class=\"wpforms-validate wpforms-form wpforms-ajax-form\" data-formid=\"3243\" method=\"post\" enctype=\"multipart\/form-data\" action=\"\/en\/wp-json\/wp\/v2\/pages\/3437\" data-token=\"cc2b4d1071e8d6004b430fb9a31b358a\" data-token-time=\"1778417556\"><noscript class=\"wpforms-error-noscript\">Please enable JavaScript in your browser to complete this form.<\/noscript><div id=\"wpforms-error-noscript\" style=\"display: none;\">Please enable JavaScript in your browser to complete this form.<\/div><div class=\"wpforms-field-container\"><div id=\"wpforms-3243-field_1-container\" class=\"wpforms-field wpforms-field-name\" data-field-id=\"1\"><label class=\"wpforms-field-label wpforms-label-hide\" for=\"wpforms-3243-field_1\" aria-hidden=\"false\">Nombre <span class=\"wpforms-required-label\" aria-hidden=\"true\">*<\/span><\/label><input type=\"text\" id=\"wpforms-3243-field_1\" class=\"wpforms-field-medium wpforms-field-required\" name=\"wpforms[fields][1]\" placeholder=\"Nombre y Apellido\" aria-errormessage=\"wpforms-3243-field_1-error\" required><\/div><div id=\"wpforms-3243-field_6-container\" class=\"wpforms-field wpforms-field-text\" data-field-id=\"6\"><label class=\"wpforms-field-label wpforms-label-hide\" for=\"wpforms-3243-field_6\" aria-hidden=\"false\">Empresa <span class=\"wpforms-required-label\" aria-hidden=\"true\">*<\/span><\/label><input type=\"text\" id=\"wpforms-3243-field_6\" class=\"wpforms-field-medium wpforms-field-required\" name=\"wpforms[fields][6]\" placeholder=\"Empresa\" aria-errormessage=\"wpforms-3243-field_6-error\" required><\/div><div id=\"wpforms-3243-field_7-container\" class=\"wpforms-field wpforms-field-text\" data-field-id=\"7\"><label class=\"wpforms-field-label wpforms-label-hide\" for=\"wpforms-3243-field_7\" aria-hidden=\"false\">Tel\u00e9fono <span class=\"wpforms-required-label\" aria-hidden=\"true\">*<\/span><\/label><input type=\"text\" id=\"wpforms-3243-field_7\" class=\"wpforms-field-medium wpforms-field-required\" name=\"wpforms[fields][7]\" placeholder=\"Tel\u00e9fono\" aria-errormessage=\"wpforms-3243-field_7-error\" required><\/div><div id=\"wpforms-3243-field_4-container\" class=\"wpforms-field wpforms-field-email\" data-field-id=\"4\"><label class=\"wpforms-field-label wpforms-label-hide\" for=\"wpforms-3243-field_4\" aria-hidden=\"false\">Correo electr\u00f3nico (copia) <span class=\"wpforms-required-label\" aria-hidden=\"true\">*<\/span><\/label><input type=\"email\" id=\"wpforms-3243-field_4\" class=\"wpforms-field-medium wpforms-field-required\" name=\"wpforms[fields][4]\" placeholder=\"Correo Electr\u00f3nico\" spellcheck=\"false\" aria-errormessage=\"wpforms-3243-field_4-error\" required><\/div>\t\t<div id=\"wpforms-3243-field_2-container\"\n\t\t\tclass=\"wpforms-field wpforms-field-text\"\n\t\t\tdata-field-type=\"text\"\n\t\t\tdata-field-id=\"2\"\n\t\t\t>\n\t\t\t<label class=\"wpforms-field-label\" for=\"wpforms-3243-field_2\" >Tel\u00e9fono Empresa electr\u00f3nico<\/label>\n\t\t\t<input type=\"text\" id=\"wpforms-3243-field_2\" class=\"wpforms-field-medium\" name=\"wpforms[fields][2]\" >\n\t\t<\/div>\n\t\t<div id=\"wpforms-3243-field_3-container\" class=\"wpforms-field wpforms-field-textarea\" data-field-id=\"3\"><label class=\"wpforms-field-label wpforms-label-hide\" for=\"wpforms-3243-field_3\" aria-hidden=\"false\">Comentario o mensaje<\/label><textarea id=\"wpforms-3243-field_3\" class=\"wpforms-field-medium\" name=\"wpforms[fields][3]\" placeholder=\"Mensaje\" aria-errormessage=\"wpforms-3243-field_3-error\" ><\/textarea><\/div><script>\n\t\t\t\t( function() {\n\t\t\t\t\tconst style = document.createElement( 'style' );\n\t\t\t\t\tstyle.appendChild( document.createTextNode( '#wpforms-3243-field_2-container { position: absolute !important; overflow: hidden !important; display: inline !important; height: 1px !important; width: 1px !important; z-index: -1000 !important; padding: 0 !important; } #wpforms-3243-field_2-container input { visibility: hidden; } #wpforms-conversational-form-page #wpforms-3243-field_2-container label { counter-increment: none; }' ) );\n\t\t\t\t\tdocument.head.appendChild( style );\n\t\t\t\t\tdocument.currentScript?.remove();\n\t\t\t\t} )();\n\t\t\t<\/script><\/div><!-- .wpforms-field-container --><div class=\"wpforms-submit-container\" ><input type=\"hidden\" name=\"wpforms[id]\" value=\"3243\"><input type=\"hidden\" name=\"page_title\" value=\"\"><input type=\"hidden\" name=\"page_url\" value=\"https:\/\/tarelec.cl\/en\/wp-json\/wp\/v2\/pages\/3437\"><input type=\"hidden\" name=\"url_referer\" value=\"\"><button type=\"submit\" name=\"wpforms[submit]\" id=\"wpforms-submit-3243\" class=\"wpforms-submit\" data-alt-text=\"Enviando...\" data-submit-text=\"Enviar\" aria-live=\"assertive\" value=\"wpforms-submit\">Enviar<\/button><img decoding=\"async\" src=\"https:\/\/tarelec.cl\/wp-content\/plugins\/wpforms-lite\/assets\/images\/submit-spin.svg\" class=\"wpforms-submit-spinner\" style=\"display: none;\" width=\"26\" height=\"26\" alt=\"Loading\"><\/div><\/form><\/div>  <!-- .wpforms-container -->\t\t\t\t<\/div>\n\t\t\t\t<\/div>\n\t\t\t\t<\/div>\n\t\t<div class=\"elementor-element elementor-element-d54ce9f e-con-full e-flex e-con e-child\" data-id=\"d54ce9f\" data-element_type=\"container\" data-e-type=\"container\" data-settings=\"{&quot;background_background&quot;:&quot;classic&quot;}\">\n\t\t<div class=\"elementor-element elementor-element-4b86efe e-con-full e-flex e-con e-child\" data-id=\"4b86efe\" data-element_type=\"container\" data-e-type=\"container\" data-settings=\"{&quot;background_background&quot;:&quot;classic&quot;}\">\n\t\t\t\t<div class=\"elementor-element elementor-element-fc1d765 elementor-widget elementor-widget-heading\" data-id=\"fc1d765\" data-element_type=\"widget\" data-e-type=\"widget\" data-widget_type=\"heading.default\">\n\t\t\t\t<div class=\"elementor-widget-container\">\n\t\t\t\t\t<h2 class=\"elementor-heading-title elementor-size-default\">Informaci\u00f3n de Contacto<\/h2>\t\t\t\t<\/div>\n\t\t\t\t<\/div>\n\t\t<div class=\"elementor-element elementor-element-6cc3f20 e-con-full e-flex e-con e-child\" data-id=\"6cc3f20\" data-element_type=\"container\" data-e-type=\"container\">\n\t\t\t\t<div class=\"elementor-element elementor-element-1f5f0f0 elementor-widget__width-initial elementor-widget elementor-widget-image\" data-id=\"1f5f0f0\" data-element_type=\"widget\" data-e-type=\"widget\" data-widget_type=\"image.default\">\n\t\t\t\t<div class=\"elementor-widget-container\">\n\t\t\t\t\t\t\t\t\t\t\t\t\t\t\t<img decoding=\"async\" width=\"95\" height=\"95\" src=\"https:\/\/tarelec.cl\/wp-content\/uploads\/2026\/03\/phone.png\" class=\"attachment-large size-large wp-image-3747\" alt=\"\" srcset=\"https:\/\/tarelec.cl\/wp-content\/uploads\/2026\/03\/phone.png 95w, https:\/\/tarelec.cl\/wp-content\/uploads\/2026\/03\/phone-12x12.png 12w\" sizes=\"(max-width: 95px) 100vw, 95px\" \/>\t\t\t\t\t\t\t\t\t\t\t\t\t\t\t<\/div>\n\t\t\t\t<\/div>\n\t\t\t\t<div class=\"elementor-element elementor-element-a96b150 elementor-widget elementor-widget-text-editor\" data-id=\"a96b150\" data-element_type=\"widget\" data-e-type=\"widget\" data-widget_type=\"text-editor.default\">\n\t\t\t\t<div class=\"elementor-widget-container\">\n\t\t\t\t\t\t\t\t\t<p><strong>Tel\u00e9fono<\/strong><\/p><p><span class=\"a_GcMg font-feature-liga-off font-feature-clig-off font-feature-calt-off text-decoration-none text-strikethrough-none\">+56 2 2759 4318<\/span><\/p>\t\t\t\t\t\t\t\t<\/div>\n\t\t\t\t<\/div>\n\t\t\t\t<\/div>\n\t\t<div class=\"elementor-element elementor-element-1eb8438 e-con-full e-flex e-con e-child\" data-id=\"1eb8438\" data-element_type=\"container\" data-e-type=\"container\">\n\t\t\t\t<div class=\"elementor-element elementor-element-005511a elementor-widget__width-initial elementor-widget elementor-widget-image\" data-id=\"005511a\" data-element_type=\"widget\" data-e-type=\"widget\" data-widget_type=\"image.default\">\n\t\t\t\t<div class=\"elementor-widget-container\">\n\t\t\t\t\t\t\t\t\t\t\t\t\t\t\t<img decoding=\"async\" width=\"95\" height=\"93\" src=\"https:\/\/tarelec.cl\/wp-content\/uploads\/2026\/03\/email.png\" class=\"attachment-large size-large wp-image-3748\" alt=\"\" srcset=\"https:\/\/tarelec.cl\/wp-content\/uploads\/2026\/03\/email.png 95w, https:\/\/tarelec.cl\/wp-content\/uploads\/2026\/03\/email-12x12.png 12w\" sizes=\"(max-width: 95px) 100vw, 95px\" \/>\t\t\t\t\t\t\t\t\t\t\t\t\t\t\t<\/div>\n\t\t\t\t<\/div>\n\t\t\t\t<div class=\"elementor-element elementor-element-bc84d04 elementor-widget elementor-widget-text-editor\" data-id=\"bc84d04\" data-element_type=\"widget\" data-e-type=\"widget\" data-widget_type=\"text-editor.default\">\n\t\t\t\t<div class=\"elementor-widget-container\">\n\t\t\t\t\t\t\t\t\t<p><strong>Correo<\/strong><\/p><p><span class=\"a_GcMg font-feature-liga-off font-feature-clig-off font-feature-calt-off text-decoration-none text-strikethrough-none\">info@tarelec.cl<\/span><\/p>\t\t\t\t\t\t\t\t<\/div>\n\t\t\t\t<\/div>\n\t\t\t\t<\/div>\n\t\t<div class=\"elementor-element elementor-element-0f59fd9 e-con-full e-flex e-con e-child\" data-id=\"0f59fd9\" data-element_type=\"container\" data-e-type=\"container\">\n\t\t\t\t<div class=\"elementor-element elementor-element-b9d0d6a elementor-widget__width-initial elementor-widget elementor-widget-image\" data-id=\"b9d0d6a\" data-element_type=\"widget\" data-e-type=\"widget\" data-widget_type=\"image.default\">\n\t\t\t\t<div class=\"elementor-widget-container\">\n\t\t\t\t\t\t\t\t\t\t\t\t\t\t\t<img loading=\"lazy\" decoding=\"async\" width=\"145\" height=\"145\" src=\"https:\/\/tarelec.cl\/wp-content\/uploads\/2026\/03\/Layer-1.png\" class=\"attachment-large size-large wp-image-4021\" alt=\"\" srcset=\"https:\/\/tarelec.cl\/wp-content\/uploads\/2026\/03\/Layer-1.png 145w, https:\/\/tarelec.cl\/wp-content\/uploads\/2026\/03\/Layer-1-12x12.png 12w\" sizes=\"(max-width: 145px) 100vw, 145px\" \/>\t\t\t\t\t\t\t\t\t\t\t\t\t\t\t<\/div>\n\t\t\t\t<\/div>\n\t\t\t\t<div class=\"elementor-element elementor-element-3cb294d elementor-widget-mobile__width-initial elementor-widget elementor-widget-text-editor\" data-id=\"3cb294d\" data-element_type=\"widget\" data-e-type=\"widget\" data-widget_type=\"text-editor.default\">\n\t\t\t\t<div class=\"elementor-widget-container\">\n\t\t\t\t\t\t\t\t\t<p><strong>Direcci\u00f3n<\/strong><\/p><p class=\"cvGsUA direction-ltr align-start para-style-body\"><span class=\"a_GcMg font-feature-liga-off font-feature-clig-off font-feature-calt-off text-decoration-none text-strikethrough-none\">Av. Presidente Kennedy 6800, Of. 403A, Vitacura, Santiago, Chile.<\/span><\/p>\t\t\t\t\t\t\t\t<\/div>\n\t\t\t\t<\/div>\n\t\t\t\t<\/div>\n\t\t<div class=\"elementor-element elementor-element-816c891 e-con-full e-flex e-con e-child\" data-id=\"816c891\" data-element_type=\"container\" data-e-type=\"container\">\n\t\t\t\t<div class=\"elementor-element elementor-element-e642026 elementor-widget__width-initial elementor-widget elementor-widget-image\" data-id=\"e642026\" data-element_type=\"widget\" data-e-type=\"widget\" data-widget_type=\"image.default\">\n\t\t\t\t<div class=\"elementor-widget-container\">\n\t\t\t\t\t\t\t\t\t\t\t\t\t\t\t<img loading=\"lazy\" decoding=\"async\" width=\"93\" height=\"93\" src=\"https:\/\/tarelec.cl\/wp-content\/uploads\/2026\/03\/linkedin.png\" class=\"attachment-large size-large wp-image-3749\" alt=\"\" srcset=\"https:\/\/tarelec.cl\/wp-content\/uploads\/2026\/03\/linkedin.png 93w, https:\/\/tarelec.cl\/wp-content\/uploads\/2026\/03\/linkedin-12x12.png 12w\" sizes=\"(max-width: 93px) 100vw, 93px\" \/>\t\t\t\t\t\t\t\t\t\t\t\t\t\t\t<\/div>\n\t\t\t\t<\/div>\n\t\t\t\t<div class=\"elementor-element elementor-element-31ded8a elementor-widget elementor-widget-text-editor\" data-id=\"31ded8a\" data-element_type=\"widget\" data-e-type=\"widget\" data-widget_type=\"text-editor.default\">\n\t\t\t\t<div class=\"elementor-widget-container\">\n\t\t\t\t\t\t\t\t\t<p><strong>Linkedin<\/strong><\/p><p class=\"cvGsUA direction-ltr align-start para-style-body\"><span class=\"a_GcMg font-feature-liga-off font-feature-clig-off font-feature-calt-off text-decoration-none text-strikethrough-none\">\/Tarelec<\/span><\/p>\t\t\t\t\t\t\t\t<\/div>\n\t\t\t\t<\/div>\n\t\t\t\t<\/div>\n\t\t\t\t<\/div>\n\t\t\t\t<\/div>\n\t\t\t\t\t<\/div>\n\t\t\t\t<\/div>\n\t\t<div class=\"elementor-element elementor-element-34c2e83 e-con-full e-flex e-con e-parent\" data-id=\"34c2e83\" data-element_type=\"container\" data-e-type=\"container\" data-settings=\"{&quot;background_background&quot;:&quot;classic&quot;}\">\n\t\t<div class=\"elementor-element elementor-element-ad8c92b e-con-full e-flex e-con e-child\" data-id=\"ad8c92b\" data-element_type=\"container\" data-e-type=\"container\">\n\t\t\t\t<div class=\"elementor-element elementor-element-aced17b elementor-widget elementor-widget-image\" data-id=\"aced17b\" data-element_type=\"widget\" data-e-type=\"widget\" data-widget_type=\"image.default\">\n\t\t\t\t<div class=\"elementor-widget-container\">\n\t\t\t\t\t\t\t\t\t\t\t\t\t\t\t<img loading=\"lazy\" decoding=\"async\" width=\"300\" height=\"135\" src=\"https:\/\/tarelec.cl\/wp-content\/uploads\/2026\/03\/Tarelec_Blanco_-scaled-1-300x135.png\" class=\"attachment-medium size-medium wp-image-3447\" alt=\"\" srcset=\"https:\/\/tarelec.cl\/wp-content\/uploads\/2026\/03\/Tarelec_Blanco_-scaled-1-300x135.png 300w, https:\/\/tarelec.cl\/wp-content\/uploads\/2026\/03\/Tarelec_Blanco_-scaled-1-1024x459.png 1024w, https:\/\/tarelec.cl\/wp-content\/uploads\/2026\/03\/Tarelec_Blanco_-scaled-1-768x344.png 768w, https:\/\/tarelec.cl\/wp-content\/uploads\/2026\/03\/Tarelec_Blanco_-scaled-1-1536x689.png 1536w, https:\/\/tarelec.cl\/wp-content\/uploads\/2026\/03\/Tarelec_Blanco_-scaled-1-18x8.png 18w, https:\/\/tarelec.cl\/wp-content\/uploads\/2026\/03\/Tarelec_Blanco_-scaled-1.png 1755w\" sizes=\"(max-width: 300px) 100vw, 300px\" \/>\t\t\t\t\t\t\t\t\t\t\t\t\t\t\t<\/div>\n\t\t\t\t<\/div>\n\t\t\t\t<div class=\"elementor-element elementor-element-dfd346b elementor-widget elementor-widget-heading\" data-id=\"dfd346b\" data-element_type=\"widget\" data-e-type=\"widget\" data-widget_type=\"heading.default\">\n\t\t\t\t<div class=\"elementor-widget-container\">\n\t\t\t\t\t<h2 class=\"elementor-heading-title elementor-size-default\">Transformamos desiciones<br \/>\nenerg\u00e9ticas en valor<\/h2>\t\t\t\t<\/div>\n\t\t\t\t<\/div>\n\t\t\t\t<\/div>\n\t\t\t\t<\/div>\n\t\t\t\t<\/div>\n\t\t","protected":false},"excerpt":{"rendered":"<p>Contacto Impulsemos tu estrategia energ\u00e9tica Env\u00edanos tu consulta Por favor, activa JavaScript en tu navegador para completar este formulario.Por favor, activa JavaScript en tu navegador para completar este formulario.Nombre *Empresa *Tel\u00e9fono *Correo electr\u00f3nico (copia) *Comentario o mensaje Enviar Informaci\u00f3n de Contacto Tel\u00e9fono +56 2 2759 4318 Correo info@tarelec.cl Direcci\u00f3n Av. Presidente Kennedy 6800, Of. 403A, [&hellip;]<\/p>\n","protected":false},"author":2,"featured_media":0,"parent":0,"menu_order":0,"comment_status":"closed","ping_status":"closed","template":"","meta":{"footnotes":""},"class_list":["post-3437","page","type-page","status-publish","hentry"],"aioseo_notices":[],"_links":{"self":[{"href":"https:\/\/tarelec.cl\/en\/wp-json\/wp\/v2\/pages\/3437","targetHints":{"allow":["GET"]}}],"collection":[{"href":"https:\/\/tarelec.cl\/en\/wp-json\/wp\/v2\/pages"}],"about":[{"href":"https:\/\/tarelec.cl\/en\/wp-json\/wp\/v2\/types\/page"}],"author":[{"embeddable":true,"href":"https:\/\/tarelec.cl\/en\/wp-json\/wp\/v2\/users\/2"}],"replies":[{"embeddable":true,"href":"https:\/\/tarelec.cl\/en\/wp-json\/wp\/v2\/comments?post=3437"}],"version-history":[{"count":70,"href":"https:\/\/tarelec.cl\/en\/wp-json\/wp\/v2\/pages\/3437\/revisions"}],"predecessor-version":[{"id":4121,"href":"https:\/\/tarelec.cl\/en\/wp-json\/wp\/v2\/pages\/3437\/revisions\/4121"}],"wp:attachment":[{"href":"https:\/\/tarelec.cl\/en\/wp-json\/wp\/v2\/media?parent=3437"}],"curies":[{"name":"wp","href":"https:\/\/api.w.org\/{rel}","templated":true}]}}